{"id":7,"date":"2017-02-12T00:47:15","date_gmt":"2017-02-12T00:47:15","guid":{"rendered":"http:\/\/2017.doktagung.de\/?page_id=7"},"modified":"2017-11-24T14:39:45","modified_gmt":"2017-11-24T14:39:45","slug":"startseite","status":"publish","type":"page","link":"https:\/\/2017.doktagung.de\/","title":{"rendered":"Herzlich Willkommen!"},"content":{"rendered":"<p><img loading=\"lazy\" decoding=\"async\" class=\"alignnone wp-image-114 size-full\" src=\"https:\/\/2017.doktagung.de\/wp-content\/uploads\/2017\/02\/PLAKAT_Web-e1506256600822.jpg\" alt=\"\" width=\"4926\" height=\"1876\" srcset=\"https:\/\/2017.doktagung.de\/wp-content\/uploads\/2017\/02\/PLAKAT_Web-e1506256600822.jpg 4926w, https:\/\/2017.doktagung.de\/wp-content\/uploads\/2017\/02\/PLAKAT_Web-e1506256600822-300x114.jpg 300w, https:\/\/2017.doktagung.de\/wp-content\/uploads\/2017\/02\/PLAKAT_Web-e1506256600822-768x292.jpg 768w, https:\/\/2017.doktagung.de\/wp-content\/uploads\/2017\/02\/PLAKAT_Web-e1506256600822-1024x390.jpg 1024w, https:\/\/2017.doktagung.de\/wp-content\/uploads\/2017\/02\/PLAKAT_Web-e1506256600822-900x343.jpg 900w, https:\/\/2017.doktagung.de\/wp-content\/uploads\/2017\/02\/PLAKAT_Web-e1506256600822-260x99.jpg 260w\" sizes=\"(max-width: 4926px) 100vw, 4926px\" \/>Egal ob Bauwerk, Stra\u00dfe oder Promotion: Von den ersten Pl\u00e4nen bis zur Fertigstellung gibt es viele Phasen, die die eigenen F\u00e4higkeiten herausfordern, aber immer auch Entwicklungsm\u00f6glichkeiten er\u00f6ffnen. Doktorand*innen sind Architekt*innen, Ingenieur*innen, Bauarbeiter*innen ihres eigenen Dissertationsprojekts. Die dgv-Doktorand*innentagung m\u00f6chte Forschenden aus der Empirischen Kulturwissenschaft\/Europ\u00e4ischen Ethnologie\/Kulturanthropologie\/Volkskunde und verwandten Disziplinen R\u00e4ume \u00f6ffnen, um gemeinsam diese verschiedenen Phasen zu reflektieren. \u00dcbergreifend sollen zudem Fragen der Methodologie, Forschungsstrategien und Analysezug\u00e4nge in den Fokus ger\u00fcckt werden.<\/p>\n<p>Die Tagung fand vom 5. bis 7. Oktober 2017 in T\u00fcbingen statt.<\/p>\n","protected":false},"excerpt":{"rendered":"<p>Egal ob Bauwerk, Stra\u00dfe oder Promotion: Von den ersten Pl\u00e4nen bis zur Fertigstellung gibt es viele Phasen, die die eigenen F\u00e4higkeiten herausfordern, aber immer auch Entwicklungsm\u00f6glichkeiten er\u00f6ffnen. Doktorand*innen sind Architekt*innen, Ingenieur*innen, Bauarbeiter*innen ihres eigenen Dissertationsprojekts. Die dgv-Doktorand*innentagung m\u00f6chte Forschenden aus der Empirischen Kulturwissenschaft\/Europ\u00e4ischen Ethnologie\/Kulturanthropologie\/Volkskunde und verwandten Disziplinen R\u00e4ume \u00f6ffnen, um gemeinsam diese verschiedenen Phasen zu&hellip; <a href=\"https:\/\/2017.doktagung.de\/\" class=\"more-link\">Continue reading <span class=\"screen-reader-text\">Herzlich Willkommen!<\/span><\/a><\/p>\n","protected":false},"author":1,"featured_media":0,"parent":0,"menu_order":0,"comment_status":"closed","ping_status":"closed","template":"","meta":{"footnotes":""},"jetpack_sharing_enabled":true,"_links":{"self":[{"href":"https:\/\/2017.doktagung.de\/index.php?rest_route=\/wp\/v2\/pages\/7"}],"collection":[{"href":"https:\/\/2017.doktagung.de\/index.php?rest_route=\/wp\/v2\/pages"}],"about":[{"href":"https:\/\/2017.doktagung.de\/index.php?rest_route=\/wp\/v2\/types\/page"}],"author":[{"embeddable":true,"href":"https:\/\/2017.doktagung.de\/index.php?rest_route=\/wp\/v2\/users\/1"}],"replies":[{"embeddable":true,"href":"https:\/\/2017.doktagung.de\/index.php?rest_route=%2Fwp%2Fv2%2Fcomments&post=7"}],"version-history":[{"count":23,"href":"https:\/\/2017.doktagung.de\/index.php?rest_route=\/wp\/v2\/pages\/7\/revisions"}],"predecessor-version":[{"id":217,"href":"https:\/\/2017.doktagung.de\/index.php?rest_route=\/wp\/v2\/pages\/7\/revisions\/217"}],"wp:attachment":[{"href":"https:\/\/2017.doktagung.de\/index.php?rest_route=%2Fwp%2Fv2%2Fmedia&parent=7"}],"curies":[{"name":"wp","href":"https:\/\/api.w.org\/{rel}","templated":true}]}}