{"id":99,"date":"2017-06-13T13:31:47","date_gmt":"2017-06-13T13:31:47","guid":{"rendered":"http:\/\/2017.doktagung.de\/?page_id=99"},"modified":"2017-06-13T13:31:47","modified_gmt":"2017-06-13T13:31:47","slug":"uebernachtung","status":"publish","type":"page","link":"https:\/\/2017.doktagung.de\/?page_id=99","title":{"rendered":"\u00dcbernachtung"},"content":{"rendered":"<p>Auf dieser Seite haben wir euch einige \u00dcbernachtungsm\u00f6glichkeiten zusammengefasst, die zentral gelegen sind und die wir empfehlen k\u00f6nnen.<\/p>\n<ul>\n<li><a href=\"http:\/\/www.jugendherberge.de\/de-de\/jugendherbergen\/tuebingen113\/portraet\" target=\"_blank\" rel=\"noopener noreferrer\">Jugendherberge T\u00fcbingen<\/a><\/li>\n<li><a href=\"http:\/\/www.hotelamschloss.de\/de\/\" target=\"_blank\" rel=\"noopener noreferrer\">Hotel am Schloss<\/a><\/li>\n<li><a href=\"http:\/\/www.krone-tuebingen.de\/de\/\" target=\"_blank\" rel=\"noopener noreferrer\">Hotel Krone<\/a><\/li>\n<li><a href=\"http:\/\/www.hotel-domizil.de\/\" target=\"_blank\" rel=\"noopener noreferrer\">Hotel Domizil<\/a><\/li>\n<li><a href=\"http:\/\/www.pension-binder.de\/\" target=\"_blank\" rel=\"noopener noreferrer\">Pension Binder<\/a><\/li>\n<\/ul>\n<p>Au\u00dferdem gibt es \u00fcber die Plattformen airbnb und Couchsurfing auch zahlreiche Angebote:<\/p>\n<ul>\n<li><a href=\"https:\/\/www.airbnb.de\/s\/Deutschland--T%C3%BCbingen?atlastest5=true&amp;gclid=CKj6y5D2utQCFcK4GwodUn8F1g&amp;s_tag=d8dVfvUC&amp;allow_override%5B%5D=\" target=\"_blank\" rel=\"noopener noreferrer\">airbnb T\u00fcbingen<\/a><\/li>\n<li><a href=\"https:\/\/www.couchsurfing.com\/\" target=\"_blank\" rel=\"noopener noreferrer\">Couchsurfing<\/a><\/li>\n<\/ul>\n","protected":false},"excerpt":{"rendered":"<p>Auf dieser Seite haben wir euch einige \u00dcbernachtungsm\u00f6glichkeiten zusammengefasst, die zentral gelegen sind und die wir empfehlen k\u00f6nnen. Jugendherberge T\u00fcbingen Hotel am Schloss Hotel Krone Hotel Domizil Pension Binder Au\u00dferdem gibt es \u00fcber die Plattformen airbnb und Couchsurfing auch zahlreiche Angebote: airbnb T\u00fcbingen Couchsurfing<\/p>\n","protected":false},"author":1,"featured_media":0,"parent":0,"menu_order":0,"comment_status":"closed","ping_status":"closed","template":"","meta":{"footnotes":""},"jetpack_sharing_enabled":true,"_links":{"self":[{"href":"https:\/\/2017.doktagung.de\/index.php?rest_route=\/wp\/v2\/pages\/99"}],"collection":[{"href":"https:\/\/2017.doktagung.de\/index.php?rest_route=\/wp\/v2\/pages"}],"about":[{"href":"https:\/\/2017.doktagung.de\/index.php?rest_route=\/wp\/v2\/types\/page"}],"author":[{"embeddable":true,"href":"https:\/\/2017.doktagung.de\/index.php?rest_route=\/wp\/v2\/users\/1"}],"replies":[{"embeddable":true,"href":"https:\/\/2017.doktagung.de\/index.php?rest_route=%2Fwp%2Fv2%2Fcomments&post=99"}],"version-history":[{"count":4,"href":"https:\/\/2017.doktagung.de\/index.php?rest_route=\/wp\/v2\/pages\/99\/revisions"}],"predecessor-version":[{"id":103,"href":"https:\/\/2017.doktagung.de\/index.php?rest_route=\/wp\/v2\/pages\/99\/revisions\/103"}],"wp:attachment":[{"href":"https:\/\/2017.doktagung.de\/index.php?rest_route=%2Fwp%2Fv2%2Fmedia&parent=99"}],"curies":[{"name":"wp","href":"https:\/\/api.w.org\/{rel}","templated":true}]}}